{"id":10,"date":"2020-07-26T02:38:49","date_gmt":"2020-07-26T02:38:49","guid":{"rendered":"https:\/\/brightersunwellness.com\/?page_id=10"},"modified":"2024-10-02T02:24:53","modified_gmt":"2024-10-02T02:24:53","slug":"products","status":"publish","type":"page","link":"https:\/\/shiningsolace.com\/index.php\/products\/","title":{"rendered":"Products"},"content":{"rendered":"\t\t<div data-elementor-type=\"wp-page\" data-elementor-id=\"10\" class=\"elementor elementor-10\">\n\t\t\t\t\t\t<section class=\"elementor-section elementor-top-section elementor-element elementor-element-69f6880 elementor-section-boxed elementor-section-height-default elementor-section-height-default\" data-id=\"69f6880\" data-element_type=\"section\" data-e-type=\"section\">\n\t\t\t\t\t\t<div class=\"elementor-container elementor-column-gap-default\">\n\t\t\t\t\t<div class=\"elementor-column elementor-col-33 elementor-top-column elementor-element elementor-element-c0450fe\" data-id=\"c0450fe\" data-element_type=\"column\" data-e-type=\"column\" data-settings=\"{&quot;background_background&quot;:&quot;classic&quot;}\">\n\t\t\t<div class=\"elementor-widget-wrap elementor-element-populated\">\n\t\t\t\t\t\t<div class=\"elementor-element elementor-element-8804d71 elementor-widget elementor-widget-image\" data-id=\"8804d71\" data-element_type=\"widget\" data-e-type=\"widget\" data-widget_type=\"image.default\">\n\t\t\t\t<div class=\"elementor-widget-container\">\n\t\t\t\t\t\t\t\t\t\t\t\t\t\t\t<img fetchpriority=\"high\" decoding=\"async\" width=\"740\" height=\"592\" src=\"https:\/\/shiningsolace.com\/wp-content\/uploads\/2020\/07\/FullColor_TransparentBg_1280x1024_72dpi-3-1024x819.png\" class=\"attachment-large size-large wp-image-48\" alt=\"thunder god vine root extract logo\" srcset=\"https:\/\/shiningsolace.com\/wp-content\/uploads\/2020\/07\/FullColor_TransparentBg_1280x1024_72dpi-3-1024x819.png 1024w, https:\/\/shiningsolace.com\/wp-content\/uploads\/2020\/07\/FullColor_TransparentBg_1280x1024_72dpi-3-300x240.png 300w, https:\/\/shiningsolace.com\/wp-content\/uploads\/2020\/07\/FullColor_TransparentBg_1280x1024_72dpi-3-768x614.png 768w, https:\/\/shiningsolace.com\/wp-content\/uploads\/2020\/07\/FullColor_TransparentBg_1280x1024_72dpi-3-1200x960.png 1200w, https:\/\/shiningsolace.com\/wp-content\/uploads\/2020\/07\/FullColor_TransparentBg_1280x1024_72dpi-3.png 1280w\" sizes=\"100vw\" \/>\t\t\t\t\t\t\t\t\t\t\t\t\t\t\t<\/div>\n\t\t\t\t<\/div>\n\t\t\t\t\t<\/div>\n\t\t<\/div>\n\t\t\t\t<div class=\"elementor-column elementor-col-66 elementor-top-column elementor-element elementor-element-570ada2\" data-id=\"570ada2\" data-element_type=\"column\" data-e-type=\"column\">\n\t\t\t<div class=\"elementor-widget-wrap elementor-element-populated\">\n\t\t\t\t\t\t<div class=\"elementor-element elementor-element-eee855f elementor-widget elementor-widget-text-editor\" data-id=\"eee855f\" data-element_type=\"widget\" data-e-type=\"widget\" data-widget_type=\"text-editor.default\">\n\t\t\t\t<div class=\"elementor-widget-container\">\n\t\t\t\t\t\t\t\t\t<p><b>Thunder God Vine<\/b> and L\u00e9i g\u014dng t\u00e9ng are common names for Tripterygium wilfordii, a plant native to Asia that has been used for centuries to help with a variety of health conditions.<\/p><p>Highest quality Thunder God Vine (tripterygium wilfordii) Root Extract in 20:1 concentration<\/p><p>100 mg capsules for easy dose control and tapering, 200 count\/btl<\/p><p>Non GMO, Gluten Free, Dairy Free, Soy Free, Preservative Free, Vegan\/Vegetarian Friendly<\/p><p>Made in the USA, GMP certified, 3rd Party Tested<\/p><p>Extracted only from the peeled root of the perennial thunder god vine<b> <\/b><\/p><p><b><span style=\"text-decoration: underline;\">Active Ingredient<\/span><\/b><br \/><em>Tripterygium wilfordii root extract, 20:1 concentration<\/em>:\u00a0 made only from the peeled roots of the plant, 20:1 indicates 20 kg of roots were used to make 1 kg of extract powder, meaning it is a more potent extract than 10:1 and 5:1&#8230;.. a 20:1 extract is 4 x more concentrated than 5:1.<\/p><p>This extract is rich in the beneficial compounds Triptolide and Celastrol.<\/p><p><span style=\"text-decoration: underline;\">Other Ingredients\u2028<\/span><br \/>(necessary to ensure the active ingredient is distributed evenly and the capsules are fully filled)<br \/>&#8211;<em>Rice flour<\/em><br \/>&#8211;<em>Magnesium stearate<\/em>:\u00a0 Vegetable sourced, a safe and harmless neutral compound used as a flow agent to ensure proper mixing and encapsulation<\/p><p>For the best price and most recent product, purchase from Shining Solace on Amazon.com<\/p><p><b><a href=\"https:\/\/www.amazon.com\/dp\/B08NY4HDKH\" target=\"_blank\" rel=\"noopener\">Purchase on Amazon<\/a><\/b><\/p><p>\u00a0<\/p><p>Like all dietary supplements, herbal supplements work differently for different people. Results and side effects can vary.\u00a0 The effective dosage for this herbal supplement depends on the individual and the condition for which you are taking it. You should consult with your health care professional to determine what that might be.<\/p>\t\t\t\t\t\t\t\t<\/div>\n\t\t\t\t<\/div>\n\t\t\t\t\t<\/div>\n\t\t<\/div>\n\t\t\t\t\t<\/div>\n\t\t<\/section>\n\t\t\t\t<section class=\"elementor-section elementor-top-section elementor-element elementor-element-2d29f19 elementor-section-boxed elementor-section-height-default elementor-section-height-default\" data-id=\"2d29f19\" data-element_type=\"section\" data-e-type=\"section\">\n\t\t\t\t\t\t<div class=\"elementor-container elementor-column-gap-default\">\n\t\t\t\t\t<div class=\"elementor-column elementor-col-50 elementor-top-column elementor-element elementor-element-3a1b23e\" data-id=\"3a1b23e\" data-element_type=\"column\" data-e-type=\"column\" data-settings=\"{&quot;background_background&quot;:&quot;classic&quot;}\">\n\t\t\t<div class=\"elementor-widget-wrap elementor-element-populated\">\n\t\t\t\t\t\t<div class=\"elementor-element elementor-element-7cc748a elementor-widget elementor-widget-image\" data-id=\"7cc748a\" data-element_type=\"widget\" data-e-type=\"widget\" data-widget_type=\"image.default\">\n\t\t\t\t<div class=\"elementor-widget-container\">\n\t\t\t\t\t\t\t\t\t\t\t\t\t\t\t<img decoding=\"async\" width=\"740\" height=\"473\" src=\"https:\/\/shiningsolace.com\/wp-content\/uploads\/2022\/07\/MGSS_logo-1-1024x655.jpg\" class=\"attachment-large size-large wp-image-202\" alt=\"\" srcset=\"https:\/\/shiningsolace.com\/wp-content\/uploads\/2022\/07\/MGSS_logo-1-1024x655.jpg 1024w, https:\/\/shiningsolace.com\/wp-content\/uploads\/2022\/07\/MGSS_logo-1-300x192.jpg 300w, https:\/\/shiningsolace.com\/wp-content\/uploads\/2022\/07\/MGSS_logo-1-768x491.jpg 768w, https:\/\/shiningsolace.com\/wp-content\/uploads\/2022\/07\/MGSS_logo-1.jpg 1269w\" sizes=\"100vw\" \/>\t\t\t\t\t\t\t\t\t\t\t\t\t\t\t<\/div>\n\t\t\t\t<\/div>\n\t\t\t\t\t<\/div>\n\t\t<\/div>\n\t\t\t\t<div class=\"elementor-column elementor-col-50 elementor-top-column elementor-element elementor-element-cac4b86\" data-id=\"cac4b86\" data-element_type=\"column\" data-e-type=\"column\">\n\t\t\t<div class=\"elementor-widget-wrap elementor-element-populated\">\n\t\t\t\t\t\t<div class=\"elementor-element elementor-element-721a39b elementor-widget elementor-widget-text-editor\" data-id=\"721a39b\" data-element_type=\"widget\" data-e-type=\"widget\" data-widget_type=\"text-editor.default\">\n\t\t\t\t<div class=\"elementor-widget-container\">\n\t\t\t\t\t\t\t\t\t<p>A <b>Magnesium Glycinate supplement with L-Theanine and Apigenin<\/b>, perfect for evening use to wind down and prepare for sleep. Proper sleep and Magnesium levels are crucial for overall mental and physical health.<\/p><p>Ideal for supplementing your natural magnesium intake from a healthy diet to be certain you are adequately meeting your body\u2019s daily requirements. This natural, non-habit-forming synergistic sleep stack has the added benefit of helping to support a calm and relaxed state of mind and body in order to promote a deep and restful sleep. <\/p><p><b>1250 mg Magnesium Glycinate<\/b> &#8211; providing 175 mg of elemental Magnesium per dose, fully chelated with the amino acid Glycine to promote absorption and a calming effect. Glycine, because it\u2019s an inhibitory neurotransmitter, performs calming effects on the brain and throughout the body, therefore Magnesium Glycinate is the preferred magnesium for promoting healthy sleep. It is also a highly bio-available and easily tolerated form of magnesium. <\/p><p><b>200 mg L-theanine<\/b> &#8211; an amino acid naturally found in green tea that works to reduce stress and anxiety, promote relaxation and create a calm state of mind. <\/p><p><b>50 mg Apigenin<\/b> &#8211; a bioflavonoid compound abundant in chamomile tea which helps relax and calm the mind, and also has anti-inflammatory and antioxidant properties. <\/p><p><b><a href=\"https:\/\/www.amazon.com\/dp\/B0B75GR582\/\" target=\"_blank\" rel=\"noopener\">Purchase on Amazon<\/a><\/b><\/p><p>\u00a0<\/p>\t\t\t\t\t\t\t\t<\/div>\n\t\t\t\t<\/div>\n\t\t\t\t\t<\/div>\n\t\t<\/div>\n\t\t\t\t\t<\/div>\n\t\t<\/section>\n\t\t\t\t<section class=\"elementor-section elementor-top-section elementor-element elementor-element-5028cef elementor-section-boxed elementor-section-height-default elementor-section-height-default\" data-id=\"5028cef\" data-element_type=\"section\" data-e-type=\"section\">\n\t\t\t\t\t\t<div class=\"elementor-container elementor-column-gap-default\">\n\t\t\t\t\t<div class=\"elementor-column elementor-col-100 elementor-top-column elementor-element elementor-element-e0fdd13\" data-id=\"e0fdd13\" data-element_type=\"column\" data-e-type=\"column\">\n\t\t\t<div class=\"elementor-widget-wrap elementor-element-populated\">\n\t\t\t\t\t\t<div class=\"elementor-element elementor-element-1595b89 elementor-widget elementor-widget-text-editor\" data-id=\"1595b89\" data-element_type=\"widget\" data-e-type=\"widget\" data-widget_type=\"text-editor.default\">\n\t\t\t\t<div class=\"elementor-widget-container\">\n\t\t\t\t\t\t\t\t\t<p>* Statements regarding dietary supplements have not been evaluated by the FDA and are not intended to diagnose, treat, cure, or prevent any disease or health condition.<\/p>\t\t\t\t\t\t\t\t<\/div>\n\t\t\t\t<\/div>\n\t\t\t\t\t<\/div>\n\t\t<\/div>\n\t\t\t\t\t<\/div>\n\t\t<\/section>\n\t\t\t\t<\/div>\n\t\t","protected":false},"excerpt":{"rendered":"<p>Thunder God Vine and L\u00e9i g\u014dng t\u00e9ng are common names for Tripterygium wilfordii, a plant native to Asia that has been used for centuries to help with a variety of health conditions. Highest quality Thunder God Vine (tripterygium wilfordii) Root Extract in 20:1 concentration 100 mg capsules for easy dose control and tapering, 200 count\/btl &hellip; <\/p>\n<p class=\"link-more\"><a href=\"https:\/\/shiningsolace.com\/index.php\/products\/\" class=\"more-link\">Continue reading<span class=\"screen-reader-text\"> &#8220;Products&#8221;<\/span><\/a><\/p>\n","protected":false},"author":1,"featured_media":0,"parent":0,"menu_order":0,"comment_status":"closed","ping_status":"closed","template":"","meta":{"footnotes":""},"class_list":["post-10","page","type-page","status-publish","hentry"],"_links":{"self":[{"href":"https:\/\/shiningsolace.com\/index.php\/wp-json\/wp\/v2\/pages\/10","targetHints":{"allow":["GET"]}}],"collection":[{"href":"https:\/\/shiningsolace.com\/index.php\/wp-json\/wp\/v2\/pages"}],"about":[{"href":"https:\/\/shiningsolace.com\/index.php\/wp-json\/wp\/v2\/types\/page"}],"author":[{"embeddable":true,"href":"https:\/\/shiningsolace.com\/index.php\/wp-json\/wp\/v2\/users\/1"}],"replies":[{"embeddable":true,"href":"https:\/\/shiningsolace.com\/index.php\/wp-json\/wp\/v2\/comments?post=10"}],"version-history":[{"count":81,"href":"https:\/\/shiningsolace.com\/index.php\/wp-json\/wp\/v2\/pages\/10\/revisions"}],"predecessor-version":[{"id":339,"href":"https:\/\/shiningsolace.com\/index.php\/wp-json\/wp\/v2\/pages\/10\/revisions\/339"}],"wp:attachment":[{"href":"https:\/\/shiningsolace.com\/index.php\/wp-json\/wp\/v2\/media?parent=10"}],"curies":[{"name":"wp","href":"https:\/\/api.w.org\/{rel}","templated":true}]}}